{"id":974,"date":"2019-02-10T13:21:58","date_gmt":"2019-02-10T11:21:58","guid":{"rendered":"https:\/\/rosti.fi\/saa\/vuositilastot\/"},"modified":"2019-03-18T16:03:16","modified_gmt":"2019-03-18T14:03:16","slug":"vuositilastot","status":"publish","type":"page","link":"https:\/\/rosti.fi\/saa\/vuositilastot\/?lang=en","title":{"rendered":"Annual Statistics"},"content":{"rendered":"<div id=\"pl-974\"  class=\"panel-layout\" ><div id=\"pg-974-0\"  class=\"panel-grid panel-no-style\" ><div id=\"pgc-974-0-0\"  class=\"panel-grid-cell\" ><div id=\"panel-974-0-0-0\" class=\"so-panel widget widget_sow-editor panel-first-child panel-last-child\" data-index=\"0\" ><div\n\t\t\t\n\t\t\tclass=\"so-widget-sow-editor so-widget-sow-editor-base\"\n\t\t\t\n\t\t>\n<div class=\"siteorigin-widget-tinymce textwidget\">\n\t<form method=\"post\"><select name=\"vuosi\"><option value=\"2026\" selected>2026<\/option><option value=\"2025\">2025<\/option><option value=\"2024\">2024<\/option><option value=\"2023\">2023<\/option><option value=\"2022\">2022<\/option><option value=\"2021\">2021<\/option><option value=\"2020\">2020<\/option><option value=\"2019\">2019<\/option><option value=\"2018\">2018<\/option><option value=\"2017\">2017<\/option><option value=\"2016\">2016<\/option><option value=\"2015\">2015<\/option><option value=\"2014\">2014<\/option><option value=\"2013\">2013<\/option><option value=\"2012\">2012<\/option><option value=\"2011\">2011<\/option><option value=\"2010\">2010<\/option><option value=\"2009\">2009<\/option><option value=\"2008\">2008<\/option><option value=\"2007\">2007<\/option><option value=\"2006\">2006<\/option><option value=\"2005\">2005<\/option><option value=\"2004\">2004<\/option><\/select> <input type='submit' id='submit' value='N\u00e4yt\u00e4' class='buttonload' onclick=\"setButtonWait('fi')\" style='padding: 3px 5px; text-transform: none;'><\/form>\n<\/div>\n<\/div><\/div><\/div><\/div><div id=\"pg-974-1\"  class=\"panel-grid panel-no-style\" ><div id=\"pgc-974-1-0\"  class=\"panel-grid-cell panel-grid-cell-mobile-last\" ><div id=\"panel-974-1-0-0\" class=\"so-panel widget widget_sow-editor panel-first-child panel-last-child\" data-index=\"1\" ><div\n\t\t\t\n\t\t\tclass=\"so-widget-sow-editor so-widget-sow-editor-base\"\n\t\t\t\n\t\t>\n<div class=\"siteorigin-widget-tinymce textwidget\">\n\t&#8607; L\u00e4mp\u00f6tila 15.8 &deg;C - 15.04.2026 17:00<br>&#8609; L\u00e4mp\u00f6tila -19.8 &deg;C - 02.02.2026 09:30<br>&#8607; Auringon s\u00e4teily  W\/m&sup2; - 01.01.1970 <br>&#8607; Tuuli 0.0 m\/s - 01.01.1970 <br>&#8607; Ilmanpaine 0.0 hPa - 01.01.1970 <br>&#8609; Ilmanpaine 0.0 hPa - 01.01.1970 <br>&#8609; Kosteus 0.0 % - 01.01.1970 <br>&#8607; Sateen rankkuus 0.0 mm\/h - 01.01.1970 <br><br>Tehoisa l\u00e4mp\u00f6summa (vuoden alusta) 11<br><br>Viimeisin havaintop\u00e4iv\u00e4: 17.04.2026\n<\/div>\n<\/div><\/div><\/div><div id=\"pgc-974-1-1\"  class=\"panel-grid-cell panel-grid-cell-empty\" ><\/div><\/div><div id=\"pg-974-2\"  class=\"panel-grid panel-no-style\" ><div id=\"pgc-974-2-0\"  class=\"panel-grid-cell\" ><div id=\"panel-974-2-0-0\" class=\"widget_text so-panel widget widget_custom_html panel-first-child panel-last-child\" data-index=\"2\" ><div class=\"textwidget custom-html-widget\"><script async src=\"\/\/pagead2.googlesyndication.com\/pagead\/js\/adsbygoogle.js\"><\/script>\n<ins class=\"adsbygoogle\" style=\"display:block\" data-ad-client=\"ca-pub-9322866646060679\" data-ad-slot=\"2928140858\" data-ad-format=\"auto\"><\/ins>\n<script>(adsbygoogle = window.adsbygoogle || []).push({});<\/script><\/div><\/div><\/div><\/div><\/div>","protected":false},"excerpt":{"rendered":"<p>20262025202420232022202120202019201820172016201520142013201220112010200920082007200620052004 &#8607; L\u00e4mp\u00f6tila 15.8 &deg;C &#8211; 15.04.2026 17:00&#8609; L\u00e4mp\u00f6tila -19.8 &deg;C &#8211; 02.02.2026 09:30&#8607; Auringon s\u00e4teily W\/m&sup2; &#8211; 01.01.1970 &#8607; Tuuli 0.0 m\/s &#8211; 01.01.1970 &#8607; Ilmanpaine 0.0 hPa &#8211; 01.01.1970 &#8609; Ilmanpaine 0.0 hPa &#8211; 01.01.1970 &#8609; Kosteus 0.0 % &#8211; 01.01.1970 &#8607; Sateen rankkuus 0.0 mm\/h &#8211; 01.01.1970 Tehoisa l\u00e4mp\u00f6summa (vuoden alusta) 11Viimeisin [&hellip;]<\/p>\n","protected":false},"author":1,"featured_media":0,"parent":0,"menu_order":0,"comment_status":"closed","ping_status":"closed","template":"","meta":{"footnotes":""},"class_list":["post-974","page","type-page","status-publish","hentry","post"],"_links":{"self":[{"href":"https:\/\/rosti.fi\/saa\/wp-json\/wp\/v2\/pages\/974","targetHints":{"allow":["GET"]}}],"collection":[{"href":"https:\/\/rosti.fi\/saa\/wp-json\/wp\/v2\/pages"}],"about":[{"href":"https:\/\/rosti.fi\/saa\/wp-json\/wp\/v2\/types\/page"}],"author":[{"embeddable":true,"href":"https:\/\/rosti.fi\/saa\/wp-json\/wp\/v2\/users\/1"}],"replies":[{"embeddable":true,"href":"https:\/\/rosti.fi\/saa\/wp-json\/wp\/v2\/comments?post=974"}],"version-history":[{"count":0,"href":"https:\/\/rosti.fi\/saa\/wp-json\/wp\/v2\/pages\/974\/revisions"}],"wp:attachment":[{"href":"https:\/\/rosti.fi\/saa\/wp-json\/wp\/v2\/media?parent=974"}],"curies":[{"name":"wp","href":"https:\/\/api.w.org\/{rel}","templated":true}]}}