{"id":806,"date":"2018-11-04T21:38:25","date_gmt":"2018-11-04T19:38:25","guid":{"rendered":"https:\/\/rosti.fi\/wp\/?page_id=806"},"modified":"2020-12-02T20:49:45","modified_gmt":"2020-12-02T18:49:45","slug":"linkkeja","status":"publish","type":"page","link":"https:\/\/rosti.fi\/saa\/linkkeja\/","title":{"rendered":"Linkkej\u00e4"},"content":{"rendered":"<div id=\"pl-806\"  class=\"panel-layout\" ><div id=\"pg-806-0\"  class=\"panel-grid panel-no-style\" ><div id=\"pgc-806-0-0\"  class=\"panel-grid-cell\" ><div id=\"panel-806-0-0-0\" class=\"so-panel widget widget_sow-editor panel-first-child panel-last-child\" data-index=\"0\" ><div\n\t\t\t\n\t\t\tclass=\"so-widget-sow-editor so-widget-sow-editor-base\"\n\t\t\t\n\t\t>\n<div class=\"siteorigin-widget-tinymce textwidget\">\n\t<h4>Avaruus<\/h4><a href='https:\/\/rwc-finland.fmi.fi\/index.php\/revontulten-todennakoisyys\/' target='_blank'>Revontulten todenn\u00e4k\u00f6isyys<\/a><br><a href='https:\/\/www.spaceweather.com\/' target='_blank'>spaceweather.com<\/a><br><h4>Foreca Oy<\/h4><a href='https:\/\/www.foreca.fi\/' target='_blank'>Foreca Oy<\/a><br><a href='https:\/\/www.foreca.fi\/Finland\/Pargas\/Pargas' target='_blank'>Foreca t\u00e4sm\u00e4s\u00e4\u00e4 Parainen<\/a><br><h4>Ilmailu<\/h4><a href='https:\/\/flightradar24.com\/' target='_blank'>flightradar24.com - Seuraa lentoliikennett\u00e4<\/a><br><h4>Ilmatieteen laitos<\/h4><a href='https:\/\/ilmatieteenlaitos.fi\/' target='_blank'>Ilmatieteen laitos<\/a><br><a href='https:\/\/ilmatieteenlaitos.fi\/saatiedotus-merenkulkijoille' target='_blank'>Meris\u00e4\u00e4<\/a><br><a href='https:\/\/ilmatieteenlaitos.fi\/saa\/Parainen\/Houtskari' target='_blank'>Paikalliss\u00e4\u00e4 Houtskari, Parainen<\/a><br><a href='https:\/\/ilmatieteenlaitos.fi\/saa\/Parainen\/Ini%C3%B6' target='_blank'>Paikalliss\u00e4\u00e4 Ini\u00f6, Parainen<\/a><br><a href='https:\/\/ilmatieteenlaitos.fi\/saa\/Parainen\/Korppoo' target='_blank'>Paikalliss\u00e4\u00e4 Korppoo, Parainen<\/a><br><a href='https:\/\/ilmatieteenlaitos.fi\/saa\/Maarianhamina' target='_blank'>Paikalliss\u00e4\u00e4 Maarianhamina<\/a><br><a href='https:\/\/ilmatieteenlaitos.fi\/saa\/Parainen\/Nauvo' target='_blank'>Paikalliss\u00e4\u00e4 Nauvo, Parainen<\/a><br><a href='https:\/\/ilmatieteenlaitos.fi\/saa\/Parainen' target='_blank'>Paikalliss\u00e4\u00e4 Parainen<\/a><br><a href='https:\/\/ilmatieteenlaitos.fi\/saa\/Turku' target='_blank'>Paikalliss\u00e4\u00e4 Turku<\/a><br><a href='https:\/\/ilmatieteenlaitos.fi\/pitkan-ennusteen-seuranta' target='_blank'>Pitk\u00e4n ennusteen seuranta<\/a><br><h4>Laitteistoja ja ohjelmistoja<\/h4><a href='https:\/\/columbiaweather.com\/' target='_blank'>Columbia Weather Systems Inc.<\/a><br><a href='https:\/\/www.davisnet.com\/' target='_blank'>Davis Instruments Corp.<\/a><br><a href='https:\/\/www.iloy.fi\/' target='_blank'>Ilkka Lilja Oy<\/a><br><a href='https:\/\/www.lacrossetechnology.com\/' target='_blank'>La Crosse Technology<\/a><br><a href='https:\/\/www.maximum-inc.com\/' target='_blank'>Maximum Weather Instruments<\/a><br><a href='https:\/\/www.netatmo.com\/en-eu\/en-us' target='_blank'>Netatmo<\/a><br><a href='https:\/\/www.oregonscientificstore.com\/' target='_blank'>Oregon Scientific Store<\/a><br><a href='https:\/\/www.rainwise.com\/' target='_blank'>RainWise Inc.<\/a><br><a href='https:\/\/www.vaisala.com\/' target='_blank'>Vaisala<\/a><br><a href='https:\/\/weatherflow.com\/' target='_blank'>WeatherFlow<\/a><br><h4>Meri ja merenkulku<\/h4><a href='https:\/\/aluskartta.com\/' target='_blank'>Aluskartta (Traffic Management Finland)<\/a><br><a href='https:\/\/www.bsag.fi\/' target='_blank'>Baltic Sea Action Group<\/a><br><a href='https:\/\/www.centrumbalticum.org\/' target='_blank'>Centrum Balticum<\/a><br><a href='https:\/\/www.marinetraffic.com\/en\/ais\/home\/centerx:21.4\/centery:60.2\/zoom:8' target='_blank'>MarineTraffic.com<\/a><br><a href='https:\/\/sites.utu.fi\/seili\/' target='_blank'>Saaristomeren tutkimuslaitos<\/a><br><h4>Salamat<\/h4><a href='https:\/\/www.blitzortung.org\/fi\/live_lightning_maps.php?map=11' target='_blank'>Blitzortung.org - reaaliaikaiset salamakartat<\/a><br><h4>S\u00e4\u00e4 maailmalla<\/h4><a href='https:\/\/www.ametsoc.org\/' target='_blank'>Amerikan meteorologinen seura (AMS)<\/a><br><a href='https:\/\/www.awekas.at\/en\/index.php' target='_blank'>AWEKAS<\/a><br><a href='http:\/\/www.wxqa.com\/' target='_blank'>Citizen Weather Observer Program<\/a><br><a href='http:\/\/www.emetsoc.org\/' target='_blank'>Euroopan meteorologinen seura (EMS)<\/a><br><a href='http:\/\/www.ecmwf.int\/' target='_blank'>European Centre for Medium-Range Weather Forecasts (ECMWF)<\/a><br><a href='https:\/\/euweather.eu\/' target='_blank'>EUweather.net<\/a><br><a href='https:\/\/www.rmets.org\/' target='_blank'>Kuninkaallinen meteorologinen seura (RMS)<\/a><br><a href='https:\/\/www.noaa.gov\/' target='_blank'>National Oceanic & Atmospheric Administration (NOAA)<\/a><br><a href='https:\/\/www.yr.no\/' target='_blank'>Norjan ilmatieteen laitoksen ja Norjan TV:n s\u00e4\u00e4palvelu<\/a><br><a href='https:\/\/www.met.no\/en' target='_blank'>Norjan ilmatieteen laitos (NMI)<\/a><br><a href='https:\/\/www.smhi.se\/' target='_blank'>Ruotsin ilmatieteen laitos (SMHI)<\/a><br><a href='https:\/\/www.dwd.de\/' target='_blank'>Saksan s\u00e4\u00e4palvelu (DWD)<\/a><br><a href='https:\/\/www.saakeskus.fi\/' target='_blank'>Suomen s\u00e4\u00e4keskus (englanniksi)<\/a><br><a href='https:\/\/www.dmi.dk\/' target='_blank'>Tanskan ilmatieteen laitos (DMI)<\/a><br><a href='https:\/\/www.emhi.ee\/' target='_blank'>Viron Ilmatieteen laitos (EMHI)<\/a><br><a href='https:\/\/www.wunderground.com\/' target='_blank'>Weather Underground<\/a><br><a href='https:\/\/www.weatheronline.co.uk\/' target='_blank'>WeatherOnline UK<\/a><br><a href='https:\/\/www.windguru.cz\/361' target='_blank'>Windguru<\/a><br><a href='https:\/\/public.wmo.int\/en' target='_blank'>World Meteorological Organization<\/a><br><h4>Tieliikenne ja -s\u00e4\u00e4<\/h4><a href='https:\/\/www.destia.fi\/' target='_blank'>Destia<\/a><br><a href='https:\/\/liikennetilanne.fintraffic.fi\/pulssi\/' target='_blank'>Liikennetilanne - Fintraffic<\/a><br><a href='https:\/\/vayla.fi\/' target='_blank'>V\u00e4yl\u00e4virasto<\/a><br><h4>Webbikameroita<\/h4><a href='http:\/\/www.groto.dy.fi ' target='_blank'>Gr\u00f6t\u00f6 s\u00e4\u00e4kamera, Nauvo<\/a><br><a href='https:\/\/saaristomeri.utu.fi\/osprey\/' target='_blank'>S\u00e4\u00e4ksikamera (Seili)<\/a><br><h4>Yksityisi\u00e4 s\u00e4\u00e4asemia<\/h4><a href='http:\/\/www.finwx.net\/' target='_blank'>FinWX-Yksityisten s\u00e4\u00e4asemien yhteis\u00f6sivusto<\/a><br><a href='http:\/\/www.grotovader.dy.fi\/' target='_blank'>Gr\u00f6t\u00f6 s\u00e4\u00e4asema, Nauvo<\/a><br><a href='http:\/\/www.myrskyvaroitus.com\/' target='_blank'>myrskyvaroitus.com<\/a><br><a href='https:\/\/tempestwx.com\/station\/86966\/' target='_blank'>Rams\u00f6\/Nagu<\/a><br><a href='https:\/\/vsfbk.ax\/vader\/' target='_blank'>S\u00e4\u00e4 Ahvenanmaa (ruotsiksi)<\/a><br><a href='https:\/\/stationsweb.awekas.at\/index.php?&id=622&teh=c&lng=en' target='_blank'>S\u00e4\u00e4asema Espoo (englanniksi)<\/a><br><a href='https:\/\/www.nordicweather.net\/' target='_blank'>S\u00e4\u00e4asema Salo, Pertteli<\/a><br>\n<\/div>\n<\/div><\/div><\/div><\/div><\/div>","protected":false},"excerpt":{"rendered":"<p>AvaruusRevontulten todenn\u00e4k\u00f6isyysspaceweather.comForeca OyForeca OyForeca t\u00e4sm\u00e4s\u00e4\u00e4 ParainenIlmailuflightradar24.com &#8211; Seuraa lentoliikennett\u00e4Ilmatieteen laitosIlmatieteen laitosMeris\u00e4\u00e4Paikalliss\u00e4\u00e4 Houtskari, ParainenPaikalliss\u00e4\u00e4 Ini\u00f6, ParainenPaikalliss\u00e4\u00e4 Korppoo, ParainenPaikalliss\u00e4\u00e4 MaarianhaminaPaikalliss\u00e4\u00e4 Nauvo, ParainenPaikalliss\u00e4\u00e4 ParainenPaikalliss\u00e4\u00e4 TurkuPitk\u00e4n ennusteen seurantaLaitteistoja ja ohjelmistojaColumbia Weather Systems Inc.Davis Instruments Corp.Ilkka Lilja OyLa Crosse TechnologyMaximum Weather InstrumentsNetatmoOregon Scientific StoreRainWise Inc.VaisalaWeatherFlowMeri ja merenkulkuAluskartta (Traffic Management Finland)Baltic Sea Action GroupCentrum BalticumMarineTraffic.comSaaristomeren tutkimuslaitosSalamatBlitzortung.org &#8211; reaaliaikaiset salamakartatS\u00e4\u00e4 maailmallaAmerikan meteorologinen [&hellip;]<\/p>\n","protected":false},"author":1,"featured_media":0,"parent":0,"menu_order":0,"comment_status":"closed","ping_status":"closed","template":"","meta":{"footnotes":""},"class_list":["post-806","page","type-page","status-publish","hentry","post"],"_links":{"self":[{"href":"https:\/\/rosti.fi\/saa\/wp-json\/wp\/v2\/pages\/806","targetHints":{"allow":["GET"]}}],"collection":[{"href":"https:\/\/rosti.fi\/saa\/wp-json\/wp\/v2\/pages"}],"about":[{"href":"https:\/\/rosti.fi\/saa\/wp-json\/wp\/v2\/types\/page"}],"author":[{"embeddable":true,"href":"https:\/\/rosti.fi\/saa\/wp-json\/wp\/v2\/users\/1"}],"replies":[{"embeddable":true,"href":"https:\/\/rosti.fi\/saa\/wp-json\/wp\/v2\/comments?post=806"}],"version-history":[{"count":0,"href":"https:\/\/rosti.fi\/saa\/wp-json\/wp\/v2\/pages\/806\/revisions"}],"wp:attachment":[{"href":"https:\/\/rosti.fi\/saa\/wp-json\/wp\/v2\/media?parent=806"}],"curies":[{"name":"wp","href":"https:\/\/api.w.org\/{rel}","templated":true}]}}