{"id":801,"date":"2018-11-04T14:05:20","date_gmt":"2018-11-04T12:05:20","guid":{"rendered":"https:\/\/rosti.fi\/wp\/kamerat\/"},"modified":"2019-10-29T17:27:10","modified_gmt":"2019-10-29T15:27:10","slug":"kamerat","status":"publish","type":"page","link":"https:\/\/rosti.fi\/saa\/kamerat\/?lang=en","title":{"rendered":"Webcams"},"content":{"rendered":"<div id=\"pl-801\"  class=\"panel-layout\" ><div id=\"pg-801-0\"  class=\"panel-grid panel-no-style\" ><div id=\"pgc-801-0-0\"  class=\"panel-grid-cell\" ><div id=\"panel-801-0-0-0\" class=\"so-panel widget widget_sow-editor panel-first-child\" data-index=\"0\" ><div\n\t\t\t\n\t\t\tclass=\"so-widget-sow-editor so-widget-sow-editor-base\"\n\t\t\t\n\t\t>\n<div class=\"siteorigin-widget-tinymce textwidget\">\n\t<img src='..\/..\/saa\/vierassatama\/000M.jpg?425331'><p>Kamera: <a href=\"https:\/\/www.vivotek.com\/products\/network-cameras\" target=\"_blank\">Vivotek<\/a> IP8361<\/p>\n<\/div>\n<\/div><\/div><div id=\"panel-801-0-0-1\" class=\"so-panel widget widget_sow-editor panel-last-child\" data-index=\"1\" ><div\n\t\t\t\n\t\t\tclass=\"so-widget-sow-editor so-widget-sow-editor-base\"\n\t\t\t\n\t\t>\n<div class=\"siteorigin-widget-tinymce textwidget\">\n\t<br><img src='..\/..\/saa\/kaldo\/image_matare.php'><p>Vedenkorkeuskamera on toteutettu yhteisty\u00f6ss\u00e4 K\u00e4ld\u00f6n lauttahenkil\u00f6kunnan kanssa. Kamera: <a href=\"https:\/\/pro.sony\/en_GB\/products\/video-security\" target=\"_blank\">Sony<\/a> SNC-EM602R.<\/p>\n<\/div>\n<\/div><\/div><\/div><\/div><div id=\"pg-801-1\"  class=\"panel-grid panel-no-style\" ><div id=\"pgc-801-1-0\"  class=\"panel-grid-cell\" ><div id=\"panel-801-1-0-0\" class=\"widget_text so-panel widget widget_custom_html panel-first-child panel-last-child\" data-index=\"2\" ><div class=\"textwidget custom-html-widget\"><script async src=\"\/\/pagead2.googlesyndication.com\/pagead\/js\/adsbygoogle.js\"><\/script>\n<ins class=\"adsbygoogle\" style=\"display:block\" data-ad-client=\"ca-pub-9322866646060679\" data-ad-slot=\"2928140858\" data-ad-format=\"auto\"><\/ins>\n<script>(adsbygoogle = window.adsbygoogle || []).push({});<\/script><\/div><\/div><\/div><\/div><\/div>","protected":false},"excerpt":{"rendered":"<p>Kamera: Vivotek IP8361 Vedenkorkeuskamera on toteutettu yhteisty\u00f6ss\u00e4 K\u00e4ld\u00f6n lauttahenkil\u00f6kunnan kanssa. Kamera: Sony SNC-EM602R.<\/p>\n","protected":false},"author":1,"featured_media":0,"parent":0,"menu_order":0,"comment_status":"closed","ping_status":"closed","template":"","meta":{"footnotes":""},"class_list":["post-801","page","type-page","status-publish","hentry","post"],"_links":{"self":[{"href":"https:\/\/rosti.fi\/saa\/wp-json\/wp\/v2\/pages\/801","targetHints":{"allow":["GET"]}}],"collection":[{"href":"https:\/\/rosti.fi\/saa\/wp-json\/wp\/v2\/pages"}],"about":[{"href":"https:\/\/rosti.fi\/saa\/wp-json\/wp\/v2\/types\/page"}],"author":[{"embeddable":true,"href":"https:\/\/rosti.fi\/saa\/wp-json\/wp\/v2\/users\/1"}],"replies":[{"embeddable":true,"href":"https:\/\/rosti.fi\/saa\/wp-json\/wp\/v2\/comments?post=801"}],"version-history":[{"count":0,"href":"https:\/\/rosti.fi\/saa\/wp-json\/wp\/v2\/pages\/801\/revisions"}],"wp:attachment":[{"href":"https:\/\/rosti.fi\/saa\/wp-json\/wp\/v2\/media?parent=801"}],"curies":[{"name":"wp","href":"https:\/\/api.w.org\/{rel}","templated":true}]}}