{"id":557,"date":"2018-09-09T14:16:47","date_gmt":"2018-09-09T11:16:47","guid":{"rendered":"https:\/\/rosti.fi\/wp\/?page_id=557"},"modified":"2025-09-17T14:42:06","modified_gmt":"2025-09-17T11:42:06","slug":"ota-yhteytta","status":"publish","type":"page","link":"https:\/\/rosti.fi\/saa\/ota-yhteytta\/","title":{"rendered":"Ota yhteytt\u00e4"},"content":{"rendered":"<div id=\"pl-557\"  class=\"panel-layout\" ><div id=\"pg-557-0\"  class=\"panel-grid panel-no-style\" ><div id=\"pgc-557-0-0\"  class=\"panel-grid-cell\" ><div id=\"panel-557-0-0-0\" class=\"widget_text so-panel widget widget_custom_html panel-first-child panel-last-child\" data-index=\"0\" ><div class=\"textwidget custom-html-widget\"><div style=\"text-align:center; margin:20px 0;\">\n  <h3>\ud83d\udc99 Tue S\u00e4\u00e4asema Nauvoa<\/h3>\n  <p>Jos pid\u00e4t t\u00e4st\u00e4 palvelusta, voit tukea sen yll\u00e4pitoa!<\/p>\n\n\t<!-- Flex-kontti -->\n  <div style=\"display:flex; flex-wrap:wrap; justify-content:center; align-items:center; gap:20px; margin-top:20px;\">\n\t\n  <!-- MobilePay QR -->\n  <div style=\"margin:10px;\">\n    <img decoding=\"async\" src=\"https:\/\/rosti.fi\/saa\/wp-content\/uploads\/2025\/09\/2025-09-17-12.56.04-1.png\" alt=\"MobilePay QR\" width=\"200\">\n    <p>Skannaa QR-koodi MobilePaylla<\/p>\n  <\/div>\n\n  <!-- Buy Me a Coffee -->\n  <div style=\"margin:10px;\">\n    <a href=\"https:\/\/www.buymeacoffee.com\/arosti\" target=\"_blank\">\n      <img decoding=\"async\" src=\"https:\/\/img.buymeacoffee.com\/button-api\/?text=Osta minulle kahvi&emoji=\u2615&slug=arosti&button_colour=5F7FFF&font_colour=ffffff&font_family=Cookie&outline_colour=000000&coffee_colour=FFDD00\" \/>\n    <\/a>\n  <\/div>\n<\/div>\n<\/div>\n<\/div><\/div><\/div><\/div><div id=\"pg-557-1\"  class=\"panel-grid panel-has-style\" ><div class=\"siteorigin-panels-stretch panel-row-style panel-row-style-for-557-1\" id=\"ota-yhteytta\" data-stretch-type=\"full\" ><div id=\"pgc-557-1-0\"  class=\"panel-grid-cell\" ><div id=\"panel-557-1-0-0\" class=\"so-panel widget widget_sow-contact-form panel-first-child panel-last-child\" data-index=\"1\" ><div\n\t\t\t\n\t\t\tclass=\"so-widget-sow-contact-form so-widget-sow-contact-form-default-1dceae4ce411-557\"\n\t\t\t\n\t\t>\t<form\n\t\taction=\"\/saa\/wp-json\/wp\/v2\/pages\/557\"\n\t\tmethod=\"POST\"\n\t\tclass=\"sow-contact-form\"\n\t\tid=\"contact-form-26dd\"\n\t>\n\n\t\t\n\t\t\t\t\t<div class=\"sow-form-field sow-form-field-name\">\n\t\t\t\t<label class=\"sow-form-field-label-above\" for=\"sow-contact-form-field-nimesi-1\">\n\t\t\t\t<strong>\n\t\t\t\t\tNimesi\t\t\t\t\t\t\t\t\t<\/strong>\n\t\t\t<\/label>\n\t\t\t\t\t\t\t<div class=\"sow-field-container\">\n\t\t\t\t\t\t\t<input\n\t\t\ttype=\"text\"\n\t\t\tname=\"nimesi-1\"\n\t\t\tid=\"sow-contact-form-field-nimesi-1\"\n\t\t\tvalue=\"\"\n\t\t\tclass=\"sow-text-field\"\n\t\t\t\t\t\t\t\t\/>\n\t\t\t\t\t\t<\/div>\n\t\t\t\t\t\t\t<\/div>\n\t\t\t\t\t\t<div class=\"sow-form-field sow-form-field-email\">\n\t\t\t\t<label class=\"sow-form-field-label-above\" for=\"sow-contact-form-field-sahkopostisi-1\">\n\t\t\t\t<strong>\n\t\t\t\t\tS\u00e4hk\u00f6postisi\t\t\t\t\t\t\t\t\t<\/strong>\n\t\t\t<\/label>\n\t\t\t\t\t\t\t<div class=\"sow-field-container\">\n\t\t\t\t\t\t\t<input\n\t\t\ttype=\"email\"\n\t\t\tname=\"sahkopostisi-1\"\n\t\t\tid=\"sow-contact-form-field-sahkopostisi-1\"\n\t\t\tvalue=\"\"\n\t\t\tclass=\"sow-text-field\"\t\t\t\t\t\t\t\t\/>\n\t\t\t\t\t\t<\/div>\n\t\t\t\t\t\t\t<\/div>\n\t\t\t\t\t\t<div class=\"sow-form-field sow-form-field-textarea\">\n\t\t\t\t<label class=\"sow-form-field-label-above\" for=\"sow-contact-form-field-viestisi-1\">\n\t\t\t\t<strong>\n\t\t\t\t\tViestisi\t\t\t\t\t\t\t\t\t<\/strong>\n\t\t\t<\/label>\n\t\t\t\t\t\t\t<div class=\"sow-field-container\">\n\t\t\t\t\t\t\t<textarea\n\t\t\tname=\"viestisi-1\"\n\t\t\tid=\"sow-contact-form-field-viestisi-1\"\n\t\t\trows=\"10\"\n\t\t\t\t\t\t\t\t><\/textarea>\n\t\t\t\t\t\t<\/div>\n\t\t\t\t\t\t\t<\/div>\n\t\t\t\n\t\t\t\t\t<div class=\"sow-recaptcha\"\n\t\t\t\t\t\t\t\t\tdata-config=\"{&quot;sitekey&quot;:&quot;6Lflpj8UAAAAAPUfZb07elp6iUGmO87zbkfFaV2B&quot;,&quot;theme&quot;:&quot;light&quot;,&quot;type&quot;:&quot;image&quot;,&quot;size&quot;:&quot;normal&quot;}\"\n\t\t\t\t\t\t\t><\/div>\n\t\t\t\n\t\t<div class=\"sow-submit-wrapper \n\t\tsow-submit-styled\t\t\">\n\n\t\t\t<button\n\t\t\t\ttype=\"submit\"\n\t\t\t\tclass=\"sow-submit\n\t\t\t\t\t\t\t\t\"\n\t\t\t\t\t\t\t>\n\t\t\t\tL\u00e4het\u00e4\t\t\t<\/button>\n\t\t<\/div>\n\t\t\t\t<input\n\t\t\ttype=\"hidden\"\n\t\t\tname=\"instance_hash-1\"\n\t\t\tvalue=\"26ddb139\"\n\t\t\/>\n\n\t\t<input type=\"hidden\" id=\"_wpnonce\" name=\"_wpnonce\" value=\"5ea7a1977e\" \/><input type=\"hidden\" name=\"_wp_http_referer\" value=\"\/saa\/wp-json\/wp\/v2\/pages\/557\" \/>\t<\/form>\n\t<\/div><\/div><\/div><div id=\"pgc-557-1-1\"  class=\"panel-grid-cell\" ><div id=\"panel-557-1-1-0\" class=\"so-panel widget panel-first-child panel-last-child\" data-index=\"2\" ><\/div><\/div><div id=\"pgc-557-1-2\"  class=\"panel-grid-cell\" ><div id=\"panel-557-1-2-0\" class=\"widget_text so-panel widget widget_custom_html panel-first-child panel-last-child\" data-index=\"3\" ><div class=\"textwidget custom-html-widget\"><iframe src=\"https:\/\/www.google.com\/maps\/embed?pb=!1m14!1m12!1m3!1d1402.5076236863947!2d21.89611780576591!3d60.189913176284975!2m3!1f0!2f0!3f0!3m2!1i1024!2i768!4f13.1!5e0!3m2!1sen!2sfi!4v1682844297229!5m2!1sen!2sfi\" width=\"340\" height=\"586\" style=\"border:0;\" allowfullscreen=\"\" loading=\"lazy\" referrerpolicy=\"no-referrer-when-downgrade\"><\/iframe><\/div><\/div><\/div><\/div><\/div><\/div>","protected":false},"excerpt":{"rendered":"<p>\ud83d\udc99 Tue S\u00e4\u00e4asema Nauvoa Jos pid\u00e4t t\u00e4st\u00e4 palvelusta, voit tukea sen yll\u00e4pitoa! Skannaa QR-koodi MobilePaylla Nimesi S\u00e4hk\u00f6postisi Viestisi L\u00e4het\u00e4<\/p>\n","protected":false},"author":1,"featured_media":0,"parent":0,"menu_order":0,"comment_status":"closed","ping_status":"closed","template":"","meta":{"footnotes":""},"class_list":["post-557","page","type-page","status-publish","hentry","post"],"_links":{"self":[{"href":"https:\/\/rosti.fi\/saa\/wp-json\/wp\/v2\/pages\/557","targetHints":{"allow":["GET"]}}],"collection":[{"href":"https:\/\/rosti.fi\/saa\/wp-json\/wp\/v2\/pages"}],"about":[{"href":"https:\/\/rosti.fi\/saa\/wp-json\/wp\/v2\/types\/page"}],"author":[{"embeddable":true,"href":"https:\/\/rosti.fi\/saa\/wp-json\/wp\/v2\/users\/1"}],"replies":[{"embeddable":true,"href":"https:\/\/rosti.fi\/saa\/wp-json\/wp\/v2\/comments?post=557"}],"version-history":[{"count":7,"href":"https:\/\/rosti.fi\/saa\/wp-json\/wp\/v2\/pages\/557\/revisions"}],"predecessor-version":[{"id":2739,"href":"https:\/\/rosti.fi\/saa\/wp-json\/wp\/v2\/pages\/557\/revisions\/2739"}],"wp:attachment":[{"href":"https:\/\/rosti.fi\/saa\/wp-json\/wp\/v2\/media?parent=557"}],"curies":[{"name":"wp","href":"https:\/\/api.w.org\/{rel}","templated":true}]}}