{"id":2769,"date":"2022-07-10T10:12:19","date_gmt":"2022-07-10T07:12:19","guid":{"rendered":"https:\/\/rosti.fi\/saa\/blitzortung-org-realtid-blixtkartor\/"},"modified":"2022-07-10T10:15:20","modified_gmt":"2022-07-10T07:15:20","slug":"blitzortung-org-realtid-blixtkartor","status":"publish","type":"page","link":"https:\/\/rosti.fi\/saa\/blitzortung-org-realtid-blixtkartor\/?lang=sv","title":{"rendered":"Blitzortung.org &#8211; realtid blixtkartor"},"content":{"rendered":"<div id=\"pl-2769\"  class=\"panel-layout\" ><div id=\"pg-2769-0\"  class=\"panel-grid panel-no-style\" ><div id=\"pgc-2769-0-0\"  class=\"panel-grid-cell\" ><div id=\"panel-2769-0-0-0\" class=\"widget_text so-panel widget widget_custom_html panel-first-child panel-last-child\" data-index=\"0\" ><div class=\"textwidget custom-html-widget\"><iframe loading=\"lazy\" src=\"https:\/\/map.blitzortung.org\/index.php?interactive=0&amp;NavigationControl=0&amp;FullScreenControl=0&amp;Cookies=0&amp;InfoDiv=1&amp;MenuButtonDiv=1&amp;ScaleControl=1&amp;LinksCheckboxChecked=0&amp;LinksRangeValue=10&amp;MapStyle=1&amp;MapStyleRangeValue=4&amp;Advertisment=0#6.81\/60.159\/21.606\" width=\"1200\" height=\"800\"><\/iframe>\n<p>\nP\u00e5 webbplatsen <a href=\"https:\/\/www.blitzortung.org\/sv\/live_lightning_maps.php?map=11\" target=\"_blank\">blitzortung.org<\/a> \u00e4r det m\u00f6jligt att se blixtar i realtid i det \u00f6nskade omr\u00e5det, s\u00e5v\u00e4l som situationen f\u00f6r \u00f6nskat datum och tid, ocks\u00e5 animerade.\n<\/p><\/div><\/div><\/div><\/div><\/div>","protected":false},"excerpt":{"rendered":"<p>P\u00e5 webbplatsen blitzortung.org \u00e4r det m\u00f6jligt att se blixtar i realtid i det \u00f6nskade omr\u00e5det, s\u00e5v\u00e4l som situationen f\u00f6r \u00f6nskat datum och tid, ocks\u00e5 animerade.<\/p>\n","protected":false},"author":1,"featured_media":0,"parent":0,"menu_order":0,"comment_status":"closed","ping_status":"closed","template":"","meta":{"footnotes":""},"class_list":["post-2769","page","type-page","status-publish","hentry","post"],"_links":{"self":[{"href":"https:\/\/rosti.fi\/saa\/wp-json\/wp\/v2\/pages\/2769","targetHints":{"allow":["GET"]}}],"collection":[{"href":"https:\/\/rosti.fi\/saa\/wp-json\/wp\/v2\/pages"}],"about":[{"href":"https:\/\/rosti.fi\/saa\/wp-json\/wp\/v2\/types\/page"}],"author":[{"embeddable":true,"href":"https:\/\/rosti.fi\/saa\/wp-json\/wp\/v2\/users\/1"}],"replies":[{"embeddable":true,"href":"https:\/\/rosti.fi\/saa\/wp-json\/wp\/v2\/comments?post=2769"}],"version-history":[{"count":4,"href":"https:\/\/rosti.fi\/saa\/wp-json\/wp\/v2\/pages\/2769\/revisions"}],"predecessor-version":[{"id":2774,"href":"https:\/\/rosti.fi\/saa\/wp-json\/wp\/v2\/pages\/2769\/revisions\/2774"}],"wp:attachment":[{"href":"https:\/\/rosti.fi\/saa\/wp-json\/wp\/v2\/media?parent=2769"}],"curies":[{"name":"wp","href":"https:\/\/api.w.org\/{rel}","templated":true}]}}