{"id":2743,"date":"2022-07-10T09:56:34","date_gmt":"2022-07-10T06:56:34","guid":{"rendered":"https:\/\/rosti.fi\/saa\/?page_id=2743"},"modified":"2022-07-13T22:45:34","modified_gmt":"2022-07-13T19:45:34","slug":"blitzortung-org-reaaliaikaiset-salamat","status":"publish","type":"page","link":"https:\/\/rosti.fi\/saa\/blitzortung-org-reaaliaikaiset-salamat\/","title":{"rendered":"Blitzortung.org &#8211; reaaliaikaiset salamat"},"content":{"rendered":"<div id=\"pl-2743\"  class=\"panel-layout\" ><div id=\"pg-2743-0\"  class=\"panel-grid panel-no-style\" ><div id=\"pgc-2743-0-0\"  class=\"panel-grid-cell\" ><div id=\"panel-2743-0-0-0\" class=\"widget_text so-panel widget widget_custom_html panel-first-child panel-last-child\" data-index=\"0\" ><div class=\"textwidget custom-html-widget\"><iframe loading=\"lazy\" src=\"https:\/\/map.blitzortung.org\/index.php?interactive=0&NavigationControl=0&FullScreenControl=0&Cookies=0&InfoDiv=1&MenuButtonDiv=1&ScaleControl=1&LinksCheckboxChecked=0&LinksRangeValue=10&MapStyle=1&MapStyleRangeValue=4&Advertisment=0#6.81\/60.159\/21.606\" width=\"1200\" height=\"800\"><\/iframe>\n<p>\nSivustolla <a href=\"https:\/\/www.blitzortung.org\/fi\/live_lightning_maps.php?map=11\" target=\"_blank\">blitzortung.org<\/a> on mahdollista katsoa halutun alueen reaaliaikaista salamointia sek\u00e4 my\u00f6s halutun p\u00e4iv\u00e4m\u00e4\u00e4r\u00e4n ja kellonajan tilannetta, my\u00f6s animoituna.\n<\/p><\/div><\/div><\/div><\/div><\/div>","protected":false},"excerpt":{"rendered":"<p>Sivustolla blitzortung.org on mahdollista katsoa halutun alueen reaaliaikaista salamointia sek\u00e4 my\u00f6s halutun p\u00e4iv\u00e4m\u00e4\u00e4r\u00e4n ja kellonajan tilannetta, my\u00f6s animoituna.<\/p>\n","protected":false},"author":1,"featured_media":0,"parent":0,"menu_order":0,"comment_status":"closed","ping_status":"closed","template":"","meta":{"footnotes":""},"class_list":["post-2743","page","type-page","status-publish","hentry","post"],"_links":{"self":[{"href":"https:\/\/rosti.fi\/saa\/wp-json\/wp\/v2\/pages\/2743","targetHints":{"allow":["GET"]}}],"collection":[{"href":"https:\/\/rosti.fi\/saa\/wp-json\/wp\/v2\/pages"}],"about":[{"href":"https:\/\/rosti.fi\/saa\/wp-json\/wp\/v2\/types\/page"}],"author":[{"embeddable":true,"href":"https:\/\/rosti.fi\/saa\/wp-json\/wp\/v2\/users\/1"}],"replies":[{"embeddable":true,"href":"https:\/\/rosti.fi\/saa\/wp-json\/wp\/v2\/comments?post=2743"}],"version-history":[{"count":26,"href":"https:\/\/rosti.fi\/saa\/wp-json\/wp\/v2\/pages\/2743\/revisions"}],"predecessor-version":[{"id":2803,"href":"https:\/\/rosti.fi\/saa\/wp-json\/wp\/v2\/pages\/2743\/revisions\/2803"}],"wp:attachment":[{"href":"https:\/\/rosti.fi\/saa\/wp-json\/wp\/v2\/media?parent=2743"}],"curies":[{"name":"wp","href":"https:\/\/api.w.org\/{rel}","templated":true}]}}