{"id":2539,"date":"2021-03-07T11:18:44","date_gmt":"2021-03-07T09:18:44","guid":{"rendered":"https:\/\/rosti.fi\/saa\/noaa-monthly-statistics-csv\/"},"modified":"2021-03-07T11:31:14","modified_gmt":"2021-03-07T09:31:14","slug":"noaa-monthly-statistics-csv","status":"publish","type":"page","link":"https:\/\/rosti.fi\/saa\/noaa-monthly-statistics-csv\/","title":{"rendered":"NOAA-kuukausitilastot (CSV)"},"content":{"rendered":"<div id=\"pl-2539\"  class=\"panel-layout\" ><div id=\"pg-2539-0\"  class=\"panel-grid panel-no-style\" ><div id=\"pgc-2539-0-0\"  class=\"panel-grid-cell\" ><div id=\"panel-2539-0-0-0\" class=\"so-panel widget widget_sow-editor panel-first-child panel-last-child\" data-index=\"0\" ><div\n\t\t\t\n\t\t\tclass=\"so-widget-sow-editor so-widget-sow-editor-base\"\n\t\t\t\n\t\t>\n<div class=\"siteorigin-widget-tinymce textwidget\">\n\t<form method=\"post\"><select name=\"vuosi\" onchange=\"setMonthSelect(this.value, 'kuukausi')\"><option value=\"2026\" selected>2026<\/option><option value=\"2025\">2025<\/option><option value=\"2024\">2024<\/option><option value=\"2023\">2023<\/option><option value=\"2022\">2022<\/option><option value=\"2021\">2021<\/option><option value=\"2020\">2020<\/option><option value=\"2019\">2019<\/option><option value=\"2018\">2018<\/option><option value=\"2017\">2017<\/option><option value=\"2016\">2016<\/option><option value=\"2015\">2015<\/option><option value=\"2014\">2014<\/option><option value=\"2013\">2013<\/option><option value=\"2012\">2012<\/option><option value=\"2011\">2011<\/option><option value=\"2010\">2010<\/option><option value=\"2009\">2009<\/option><option value=\"2008\">2008<\/option><option value=\"2007\">2007<\/option><option value=\"2006\">2006<\/option><option value=\"2005\">2005<\/option><option value=\"2004\">2004<\/option><option value=\"2003\">2003<\/option><\/select>  <select name=\"kuukausi\" id=\"kuukausi\"><option value=\"05\" selected>05<\/option><option value=\"04\">04<\/option><option value=\"03\">03<\/option><option value=\"02\">02<\/option><option value=\"01\">01<\/option><\/select>  <input type='submit' id='submit' value='N\u00e4yt\u00e4' class='buttonload' onclick=\"setButtonWait('fi')\" style='padding: 3px 5px; text-transform: none;'><\/form>\n<\/div>\n<\/div><\/div><\/div><\/div><div id=\"pg-2539-1\"  class=\"panel-grid panel-no-style\" ><div id=\"pgc-2539-1-0\"  class=\"panel-grid-cell\" ><div id=\"panel-2539-1-0-0\" class=\"so-panel widget widget_sow-editor panel-first-child panel-last-child\" data-index=\"1\" ><div\n\t\t\t\n\t\t\tclass=\"so-widget-sow-editor so-widget-sow-editor-base\"\n\t\t\t\n\t\t>\n<div class=\"siteorigin-widget-tinymce textwidget\">\n\t<p>NOAA = National Oceanic and Atmospheric Administration (USA)<\/p>\n<p>S\u00e4\u00e4asema Nauvon data on vapaasti k\u00e4ytett\u00e4viss\u00e4, kunhan k\u00e4ytt\u00f6yhteydess\u00e4 mainitaan tiedon l\u00e4hteeksi S\u00e4\u00e4asema Nauvo ja www-osoite <a href=\"https:\/\/rosti.fi\/saa\">https:\/\/rosti.fi\/saa<\/a>.<\/p>\n<pre>TEMPERATURE (\u00b0C), RAIN  (mm), WIND SPEED (m\/s)<br>DAY,MEAN TEMP,HIGH,TIME,LOW,TIME,HEAT DEG DAYS,COOL DEG DAYS,RAIN,AVG WIND SPEED,HIGH,TIME,DOM DIR<br>1,10.7,18.7,15:00,4.4,06:30,6,0,0.0,2.0,7.2,16:30,WNW<br>2,11.7,18.3,15:00,5.1,02:30,5,0,0.0,3.1,12.5,20:30,SW<br>3,8.6,12.7,14:00,5.4,23:30,8,0,0.0,2.4,7.6,12:00,<br>4,6.3,9.0,16:00,4.2,03:30,11,0,3.6,1.7,8.0,20:30,<br>5,6.6,8.8,15:00,3.0,23:30,10,0,0.0,3.2,9.4,12:00,NW<br>6,6.4,11.5,15:00,1.3,03:30,9,0,0.0,2.1,7.2,13:00,<br>7,,,,,,,,,,,,<br>8,,,,,,,,,,,,<br>9,,,,,,,,,,,,<br>10,,,,,,,,,,,,<br>11,,,,,,,,,,,,<br>12,,,,,,,,,,,,<br>13,,,,,,,,,,,,<br>14,,,,,,,,,,,,<br>15,,,,,,,,,,,,<br>16,,,,,,,,,,,,<br>17,,,,,,,,,,,,<br>18,,,,,,,,,,,,<br>19,,,,,,,,,,,,<br>20,,,,,,,,,,,,<br>21,,,,,,,,,,,,<br>22,,,,,,,,,,,,<br>23,,,,,,,,,,,,<br>24,,,,,,,,,,,,<br>25,,,,,,,,,,,,<br>26,,,,,,,,,,,,<br>27,,,,,,,,,,,,<br>28,,,,,,,,,,,,<br>29,,,,,,,,,,,,<br>30,,,,,,,,,,,,<br>31,,,,,,,,,,,,<br><\/pre>\n<\/div>\n<\/div><\/div><\/div><\/div><\/div>","protected":false},"excerpt":{"rendered":"<p>NOAA = National Oceanic and Atmospheric Administration (USA) S\u00e4\u00e4asema Nauvon data on vapaasti k\u00e4ytett\u00e4viss\u00e4, kunhan k\u00e4ytt\u00f6yhteydess\u00e4 mainitaan tiedon l\u00e4hteeksi S\u00e4\u00e4asema Nauvo ja www-osoite https:\/\/rosti.fi\/saa.<\/p>\n","protected":false},"author":1,"featured_media":0,"parent":0,"menu_order":0,"comment_status":"closed","ping_status":"closed","template":"","meta":{"footnotes":""},"class_list":["post-2539","page","type-page","status-publish","hentry","post"],"_links":{"self":[{"href":"https:\/\/rosti.fi\/saa\/wp-json\/wp\/v2\/pages\/2539","targetHints":{"allow":["GET"]}}],"collection":[{"href":"https:\/\/rosti.fi\/saa\/wp-json\/wp\/v2\/pages"}],"about":[{"href":"https:\/\/rosti.fi\/saa\/wp-json\/wp\/v2\/types\/page"}],"author":[{"embeddable":true,"href":"https:\/\/rosti.fi\/saa\/wp-json\/wp\/v2\/users\/1"}],"replies":[{"embeddable":true,"href":"https:\/\/rosti.fi\/saa\/wp-json\/wp\/v2\/comments?post=2539"}],"version-history":[{"count":0,"href":"https:\/\/rosti.fi\/saa\/wp-json\/wp\/v2\/pages\/2539\/revisions"}],"wp:attachment":[{"href":"https:\/\/rosti.fi\/saa\/wp-json\/wp\/v2\/media?parent=2539"}],"curies":[{"name":"wp","href":"https:\/\/api.w.org\/{rel}","templated":true}]}}