{"id":2509,"date":"2021-03-06T13:17:14","date_gmt":"2021-03-06T11:17:14","guid":{"rendered":"https:\/\/rosti.fi\/saa\/?page_id=2509"},"modified":"2021-03-06T18:00:10","modified_gmt":"2021-03-06T16:00:10","slug":"2509-2","status":"publish","type":"page","link":"https:\/\/rosti.fi\/saa\/2509-2\/","title":{"rendered":"NOAA-vuositilastot (CSV)"},"content":{"rendered":"<div id=\"pl-2509\"  class=\"panel-layout\" ><div id=\"pg-2509-0\"  class=\"panel-grid panel-no-style\" ><div id=\"pgc-2509-0-0\"  class=\"panel-grid-cell\" ><div id=\"panel-2509-0-0-0\" class=\"so-panel widget widget_sow-editor panel-first-child panel-last-child\" data-index=\"0\" ><div\n\t\t\t\n\t\t\tclass=\"so-widget-sow-editor so-widget-sow-editor-base\"\n\t\t\t\n\t\t>\n<div class=\"siteorigin-widget-tinymce textwidget\">\n\t<form method=\"post\"><select name=\"vuosi\"><option value=\"2026\" selected>2026<\/option><option value=\"2025\">2025<\/option><option value=\"2024\">2024<\/option><option value=\"2023\">2023<\/option><option value=\"2022\">2022<\/option><option value=\"2021\">2021<\/option><option value=\"2020\">2020<\/option><option value=\"2019\">2019<\/option><option value=\"2018\">2018<\/option><option value=\"2017\">2017<\/option><option value=\"2016\">2016<\/option><option value=\"2015\">2015<\/option><option value=\"2014\">2014<\/option><option value=\"2013\">2013<\/option><option value=\"2012\">2012<\/option><option value=\"2011\">2011<\/option><option value=\"2010\">2010<\/option><option value=\"2009\">2009<\/option><option value=\"2008\">2008<\/option><option value=\"2007\">2007<\/option><option value=\"2006\">2006<\/option><option value=\"2005\">2005<\/option><option value=\"2004\">2004<\/option><\/select> <input type='submit' id='submit' value='N\u00e4yt\u00e4' class='buttonload' onclick=\"setButtonWait('fi')\" style='padding: 3px 5px; text-transform: none;'><\/form>\n<\/div>\n<\/div><\/div><\/div><\/div><div id=\"pg-2509-1\"  class=\"panel-grid panel-no-style\" ><div id=\"pgc-2509-1-0\"  class=\"panel-grid-cell\" ><div id=\"panel-2509-1-0-0\" class=\"so-panel widget widget_sow-editor panel-first-child panel-last-child\" data-index=\"1\" ><div\n\t\t\t\n\t\t\tclass=\"so-widget-sow-editor so-widget-sow-editor-base\"\n\t\t\t\n\t\t>\n<div class=\"siteorigin-widget-tinymce textwidget\">\n\t<p>NOAA = National Oceanic and Atmospheric Administration (USA)<\/p>\n<p>S\u00e4\u00e4asema Nauvon data on vapaasti k\u00e4ytett\u00e4viss\u00e4, kunhan k\u00e4ytt\u00f6yhteydess\u00e4 mainitaan tiedon l\u00e4hteeksi S\u00e4\u00e4asema Nauvo ja www-osoite <a href=\"https:\/\/rosti.fi\/saa\">https:\/\/rosti.fi\/saa<\/a>.<\/p>\n<pre>TEMPERATURE \u00b0C<br>YR,MO,MEAN MAX,MEAN MIN,MEAN,DEP. FROM NORM,HEAT DEG DAYS,COOL DEG DAYS,HI,DATE,LOW,DATE,MAX >=32,MAX <=0,MIN <=0,MIN <=-18<br>26,1,-4.2,-8.0,-6.0,-4.9,713,0,2.8,17,-15.7,30,0,25,30,0<br>26,2,-4.7,-11.6,-8.2,-5.7,705,0,3.1,27,-19.8,2,0,24,27,3<br>26,3,5.0,0.2,2.4,3.3,445,0,9.1,27,-2.8,3,0,0,13,0<br>26,4,9.0,0.3,4.2,2.1,201,0,15.8,15,-2.9,9,0,0,6,0<br>26,5,,,,,,,,,,,,,,<br>26,6,,,,,,,,,,,,,,<br>26,7,,,,,,,,,,,,,,<br>26,8,,,,,,,,,,,,,,<br>26,9,,,,,,,,,,,,,,<br>26,10,,,,,,,,,,,,,,<br>26,11,,,,,,,,,,,,,,<br>26,12,,,,,,,,,,,,,,<br>PRECIPITATION (mm)<br>YR,MO,TOTAL,DEP. FROM NORM,MAX OBS. DAY,DATE,DAYS OVER .2,DAYS OVER 2,DAYS OVER 20<br>26,1,16.0,-21.0,9.4,15,5,2,0<br>26,2,14.2,-11.8,9.2,26,3,2,0<br>26,3,14.0,-16.0,3.6,12,10,2,0<br>26,4,13.4,-14.6,5.8,5,3,3,0<br>26,5,,,,,,,<br>26,6,,,,,,,<br>26,7,,,,,,,<br>26,8,,,,,,,<br>26,9,,,,,,,<br>26,10,,,,,,,<br>26,11,,,,,,,<br>26,12,,,,,,,<br>WIND SPEED (m\/s)<br>YR,MO,AVG.,HI,DATE,DOM DIR<br>26,1,2.6,17.0,14,E<br>26,2,1.8,14.3,26,NNE<br>26,3,3.2,17.9,13,SSW<br>26,4,2.2,15.2,5,S<br>26,5,,,,<br>26,6,,,,<br>26,7,,,,<br>26,8,,,,<br>26,9,,,,<br>26,10,,,,<br>26,11,,,,<br>26,12,,,,<br><\/pre>\n<\/div>\n<\/div><\/div><\/div><\/div><\/div>","protected":false},"excerpt":{"rendered":"<p>NOAA = National Oceanic and Atmospheric Administration (USA) S\u00e4\u00e4asema Nauvon data on vapaasti k\u00e4ytett\u00e4viss\u00e4, kunhan k\u00e4ytt\u00f6yhteydess\u00e4 mainitaan tiedon l\u00e4hteeksi S\u00e4\u00e4asema Nauvo ja www-osoite https:\/\/rosti.fi\/saa.<\/p>\n","protected":false},"author":1,"featured_media":0,"parent":0,"menu_order":0,"comment_status":"closed","ping_status":"closed","template":"","meta":{"footnotes":""},"class_list":["post-2509","page","type-page","status-publish","hentry","post"],"_links":{"self":[{"href":"https:\/\/rosti.fi\/saa\/wp-json\/wp\/v2\/pages\/2509","targetHints":{"allow":["GET"]}}],"collection":[{"href":"https:\/\/rosti.fi\/saa\/wp-json\/wp\/v2\/pages"}],"about":[{"href":"https:\/\/rosti.fi\/saa\/wp-json\/wp\/v2\/types\/page"}],"author":[{"embeddable":true,"href":"https:\/\/rosti.fi\/saa\/wp-json\/wp\/v2\/users\/1"}],"replies":[{"embeddable":true,"href":"https:\/\/rosti.fi\/saa\/wp-json\/wp\/v2\/comments?post=2509"}],"version-history":[{"count":0,"href":"https:\/\/rosti.fi\/saa\/wp-json\/wp\/v2\/pages\/2509\/revisions"}],"wp:attachment":[{"href":"https:\/\/rosti.fi\/saa\/wp-json\/wp\/v2\/media?parent=2509"}],"curies":[{"name":"wp","href":"https:\/\/api.w.org\/{rel}","templated":true}]}}