{"id":2184,"date":"2020-11-30T01:08:14","date_gmt":"2020-11-29T23:08:14","guid":{"rendered":"https:\/\/rosti.fi\/saa\/etusivu-uusi\/"},"modified":"2025-09-17T15:15:35","modified_gmt":"2025-09-17T12:15:35","slug":"etusivu-uusi","status":"publish","type":"page","link":"https:\/\/rosti.fi\/saa\/etusivu-uusi\/?lang=sv","title":{"rendered":"Startsida"},"content":{"rendered":"<div id=\"pl-2184\"  class=\"panel-layout\" ><div id=\"pg-2184-0\"  class=\"panel-grid panel-has-style\" ><div class=\"siteorigin-panels-stretch panel-row-style panel-row-style-for-2184-0\" data-stretch-type=\"full\" ><div id=\"pgc-2184-0-0\"  class=\"panel-grid-cell\" ><div id=\"panel-2184-0-0-0\" class=\"so-panel widget widget_sow-editor panel-first-child panel-last-child\" data-index=\"0\" ><div\n\t\t\t\n\t\t\tclass=\"so-widget-sow-editor so-widget-sow-editor-base\"\n\t\t\t\n\t\t>\n<div class=\"siteorigin-widget-tinymce textwidget\">\n\t<p style=\"text-align: center;\"><strong>Perjantai<br>24.04.2026<br>@11:32<\/strong><br>05:48 <i class=\"wi wi-sunrise\" style=\"font-size: 20px;\"><\/i><br>15 h 25 min<br>21:12 <i class=\"wi wi-sunset\" style=\"font-size: 20px;\"><\/i><\/p>\n<\/div>\n<\/div><\/div><\/div><div id=\"pgc-2184-0-1\"  class=\"panel-grid-cell\" ><div id=\"panel-2184-0-1-0\" class=\"so-panel widget widget_sow-editor panel-first-child panel-last-child\" data-index=\"1\" ><div\n\t\t\t\n\t\t\tclass=\"so-widget-sow-editor so-widget-sow-editor-base\"\n\t\t\t\n\t\t>\n<div class=\"siteorigin-widget-tinymce textwidget\">\n\t<p style=\"text-align: center;\"><strong>L\u00e4mp\u00f6tila<\/strong><br><img decoding=\"async\" src=\"gauges\/lampomittari.php?arvo=8.9\" width=\"100p\" alt=\"L\u00e4mp\u00f6tila: 8.9 &deg;C\"><br>&#8607; 9.3 @11:24<br>&#8609; 2.2 @00:32<\/p>\n<\/div>\n<\/div><\/div><\/div><div id=\"pgc-2184-0-2\"  class=\"panel-grid-cell\" ><div id=\"panel-2184-0-2-0\" class=\"so-panel widget widget_sow-editor panel-first-child panel-last-child\" data-index=\"2\" ><div\n\t\t\t\n\t\t\tclass=\"so-widget-sow-editor so-widget-sow-editor-base\"\n\t\t\t\n\t\t>\n<div class=\"siteorigin-widget-tinymce textwidget\">\n\t<p style=\"text-align: center;\"><strong>Tuntuu kuin<\/strong><br><img decoding=\"async\" src=\"gauges\/lampomittari.php?arvo=6.9\" width=\"100p\" alt=\"Tuntuu kuin: 6.9 &deg;C\"><br>&#8607; 8.5 @11:26<br>&#8609; 0.6 @00:12<\/p>\n<\/div>\n<\/div><\/div><\/div><div id=\"pgc-2184-0-3\"  class=\"panel-grid-cell\" ><div id=\"panel-2184-0-3-0\" class=\"so-panel widget widget_sow-editor panel-first-child panel-last-child\" data-index=\"3\" ><div\n\t\t\t\n\t\t\tclass=\"so-widget-sow-editor so-widget-sow-editor-base\"\n\t\t\t\n\t\t>\n<div class=\"siteorigin-widget-tinymce textwidget\">\n\t<p style=\"text-align: center;\"><strong>Kastepiste<\/strong><br><img decoding=\"async\" src=\"gauges\/lampomittari.php?arvo=2.5\" width=\"100p\" alt=\"Kastepiste: 2.5 &deg;C\"><br>&#8607; 3.2 @10:55<br>&#8609; -0.7 @00:05<\/p>\n<\/div>\n<\/div><\/div><\/div><div id=\"pgc-2184-0-4\"  class=\"panel-grid-cell\" ><div id=\"panel-2184-0-4-0\" class=\"so-panel widget widget_sow-editor panel-first-child panel-last-child\" data-index=\"4\" ><div\n\t\t\t\n\t\t\tclass=\"so-widget-sow-editor so-widget-sow-editor-base\"\n\t\t\t\n\t\t>\n<div class=\"siteorigin-widget-tinymce textwidget\">\n\t<p style=\"text-align: center;\"><strong>Ilmanpaine<\/strong><br><img decoding=\"async\" src=\"gauges\/painemittari.php?arvo=1008.1\" width=\"100p\" alt=\"Ilmanpaine: 1008.1 hPa\"><br>&#8607; 1009.0 @00:00<br>&#8609; 1006.7 @04:42<\/p>\n<\/div>\n<\/div><\/div><\/div><div id=\"pgc-2184-0-5\"  class=\"panel-grid-cell\" ><div id=\"panel-2184-0-5-0\" class=\"so-panel widget widget_sow-editor panel-first-child panel-last-child\" data-index=\"5\" ><div\n\t\t\t\n\t\t\tclass=\"so-widget-sow-editor so-widget-sow-editor-base\"\n\t\t\t\n\t\t>\n<div class=\"siteorigin-widget-tinymce textwidget\">\n\t<p style=\"text-align: center;\"><strong>Kosteus<\/strong><br><img decoding=\"async\" src=\"gauges\/kosteusmittari.php?arvo=68\" width=\"100p\" alt=\"Kosteus: 68 hPa\"><br>&#8607; 87 @00:25<br>&#8609; 67 @11:26<\/p>\n<\/div>\n<\/div><\/div><\/div><\/div><\/div><div id=\"pg-2184-1\"  class=\"panel-grid panel-no-style\" ><div id=\"pgc-2184-1-0\"  class=\"panel-grid-cell\" ><div id=\"panel-2184-1-0-0\" class=\"so-panel widget widget_sow-editor panel-first-child panel-last-child\" data-index=\"6\" ><div\n\t\t\t\n\t\t\tclass=\"so-widget-sow-editor so-widget-sow-editor-base\"\n\t\t\t\n\t\t>\n<div class=\"siteorigin-widget-tinymce textwidget\">\n\t<p>Om du vill hj\u00e4lpa till att h\u00e5lla V\u00e4derstation Nagu ig\u00e5ng, kan du <a href=\"https:\/\/rosti.fi\/saa\/ta-kontakt\/?lang=sv\" target=\"_blank\">st\u00f6da via MobilePay eller Buy Me a Coffee<\/a>. Varje euro hj\u00e4lper \u2013 tack! <\/p>\n<\/div>\n<\/div><\/div><\/div><div id=\"pgc-2184-1-1\"  class=\"panel-grid-cell\" ><div id=\"panel-2184-1-1-0\" class=\"so-panel widget widget_sow-editor panel-first-child panel-last-child\" data-index=\"7\" ><div\n\t\t\t\n\t\t\tclass=\"so-widget-sow-editor so-widget-sow-editor-base\"\n\t\t\t\n\t\t>\n<div class=\"siteorigin-widget-tinymce textwidget\">\n\t<p style=\"text-align: center;\"><strong>Tuuli<\/strong><br><img decoding=\"async\" src=\"gauges\/tuulimittari_puuska.php?arvo=4.1&amp;puuska=8.9&amp;suunta=307\" width=\"100p\" alt=\"Tuuli: 4.1 m\/s\"><br>&#8607; 4.8 @10:31<br>&#8607; (8.9) @11:32<\/p>\n<\/div>\n<\/div><\/div><\/div><div id=\"pgc-2184-1-2\"  class=\"panel-grid-cell\" ><div id=\"panel-2184-1-2-0\" class=\"so-panel widget widget_sow-editor panel-first-child panel-last-child\" data-index=\"8\" ><div\n\t\t\t\n\t\t\tclass=\"so-widget-sow-editor so-widget-sow-editor-base\"\n\t\t\t\n\t\t>\n<div class=\"siteorigin-widget-tinymce textwidget\">\n\t<p style=\"text-align: center;\"><strong>Auringon s\u00e4teily<\/strong><br><img decoding=\"async\" src=\"gauges\/aurinkomittari.php?arvo=487\" width=\"100p\" alt=\"Auringon s\u00e4teily: 487 W\/m&sup2;\"><br>&#8607; 667 @11:27<br>&nbsp;<\/p>\n<\/div>\n<\/div><\/div><\/div><div id=\"pgc-2184-1-3\"  class=\"panel-grid-cell\" ><div id=\"panel-2184-1-3-0\" class=\"so-panel widget widget_sow-editor panel-first-child panel-last-child\" data-index=\"9\" ><div\n\t\t\t\n\t\t\tclass=\"so-widget-sow-editor so-widget-sow-editor-base\"\n\t\t\t\n\t\t>\n<div class=\"siteorigin-widget-tinymce textwidget\">\n\t<p style=\"text-align: center;\"><strong>Aurinkopaneelit<\/strong><br><img decoding=\"async\" src=\"gauges\/aurinkovoimamittari.php?arvo=2499.4\" width=\"100p\" alt=\"Aurinkopaneelit: 2499.4 W\/m&sup2;\"><br>&#8607; 3523.5 @11:25<br>6.6 kWh<\/p>\n<\/div>\n<\/div><\/div><\/div><div id=\"pgc-2184-1-4\"  class=\"panel-grid-cell\" ><div id=\"panel-2184-1-4-0\" class=\"so-panel widget widget_sow-editor panel-first-child panel-last-child\" data-index=\"10\" ><div\n\t\t\t\n\t\t\tclass=\"so-widget-sow-editor so-widget-sow-editor-base\"\n\t\t\t\n\t\t>\n<div class=\"siteorigin-widget-tinymce textwidget\">\n\t<p style=\"text-align: center;\"><strong>UV-indeksi<\/strong><br><img decoding=\"async\" src=\"gauges\/uvmittari.php?arvo=1.7\" width=\"100p\" alt=\"UV-indeksi: 1.7\"><br>&#8607; 2.3 @11:27<br>&nbsp;<\/p>\n<\/div>\n<\/div><\/div><\/div><div id=\"pgc-2184-1-5\"  class=\"panel-grid-cell\" ><div id=\"panel-2184-1-5-0\" class=\"so-panel widget widget_sow-editor panel-first-child panel-last-child\" data-index=\"11\" ><div\n\t\t\t\n\t\t\tclass=\"so-widget-sow-editor so-widget-sow-editor-base\"\n\t\t\t\n\t\t>\n<div class=\"siteorigin-widget-tinymce textwidget\">\n\t<p style=\"text-align: center;\"><strong>Sadekertym\u00e4<\/strong><br><img decoding=\"async\" src=\"gauges\/sademittari.php?arvo=0.0\" width=\"100p\" alt=\"Sadekertym\u00e4: 0.0 mm\"><br>&nbsp;<br>&nbsp<\/p>\n<\/div>\n<\/div><\/div><\/div><\/div><div id=\"pg-2184-2\"  class=\"panel-grid panel-no-style\" ><div id=\"pgc-2184-2-0\"  class=\"panel-grid-cell\" ><div id=\"panel-2184-2-0-0\" class=\"so-panel widget widget_sow-editor panel-first-child panel-last-child\" data-index=\"12\" ><div\n\t\t\t\n\t\t\tclass=\"so-widget-sow-editor so-widget-sow-editor-base\"\n\t\t\t\n\t\t>\n<div class=\"siteorigin-widget-tinymce textwidget\">\n\t<p style=\"text-align: center;\"><h2>Astronomia <i class=\"wi wi-day-sunny\"><\/i><\/h2><strong>Perjantai, 24.04.2026:<\/strong><br>Astronomisen h\u00e4m\u00e4r\u00e4n alku - --:--<br>Nauttisen h\u00e4m\u00e4r\u00e4n alku - 03:46<br>Porvarillisen h\u00e4m\u00e4r\u00e4n alku - 04:58<br>Auringon nousu - 05:48<br>Aurinko etel\u00e4ss\u00e4 - 13:30<br>Auringon lasku - 21:12<br>Porvarillisen h\u00e4m\u00e4r\u00e4n p\u00e4\u00e4t\u00f6s - 22:02<br>Nauttisen h\u00e4m\u00e4r\u00e4n p\u00e4\u00e4t\u00f6s - 23:15<br>Astronomisen h\u00e4m\u00e4r\u00e4n p\u00e4\u00e4t\u00f6s - --:--<br>P\u00e4iv\u00e4n pituus - 15 h 25 min<\/p>\n<\/div>\n<\/div><\/div><\/div><div id=\"pgc-2184-2-1\"  class=\"panel-grid-cell\" ><div id=\"panel-2184-2-1-0\" class=\"so-panel widget widget_sow-editor panel-first-child panel-last-child\" data-index=\"13\" ><div\n\t\t\t\n\t\t\tclass=\"so-widget-sow-editor so-widget-sow-editor-base\"\n\t\t\t\n\t\t>\n<div class=\"siteorigin-widget-tinymce textwidget\">\n\t<p style=\"text-align: center;\"><h2>Huhtikuu 2026<\/h2>&#8607; L\u00e4mp\u00f6tila 16.7 &deg;C - 17.04.2026<br>&#8609; L\u00e4mp\u00f6tila -2.9 &deg;C - 09.04.2026<br>&#8607; Auringon s\u00e4teily 847 W\/m&sup2; - 23.04.2026<br>&#8607; UV-indeksi 2.9 - 23.04.2026<br>&#8607; Tuuli 7.3 m\/s - 22.04.2026<br>&#8607; Puuskat 15.2 m\/s - 05.04.2026<br>&#8607; Ilmanpaine 1033.2 hPa - 14.04.2026<br>&#8609; Ilmanpaine 984.9 hPa - 06.04.2026<br>&#8607; Kosteus 98 % - 04.04.2026<br>&#8609; Kosteus 22.6 % - 11.04.2026<br>Sadekertym\u00e4 13.8 mm<br><br><\/p>\n<\/div>\n<\/div><\/div><\/div><\/div><\/div>","protected":false},"excerpt":{"rendered":"<p>Om du vill hj\u00e4lpa till att h\u00e5lla V\u00e4derstation Nagu ig\u00e5ng, kan du st\u00f6da via MobilePay eller Buy Me a Coffee. Varje euro hj\u00e4lper \u2013 tack!<\/p>\n","protected":false},"author":1,"featured_media":0,"parent":0,"menu_order":0,"comment_status":"closed","ping_status":"closed","template":"","meta":{"footnotes":""},"class_list":["post-2184","page","type-page","status-publish","hentry","post"],"_links":{"self":[{"href":"https:\/\/rosti.fi\/saa\/wp-json\/wp\/v2\/pages\/2184","targetHints":{"allow":["GET"]}}],"collection":[{"href":"https:\/\/rosti.fi\/saa\/wp-json\/wp\/v2\/pages"}],"about":[{"href":"https:\/\/rosti.fi\/saa\/wp-json\/wp\/v2\/types\/page"}],"author":[{"embeddable":true,"href":"https:\/\/rosti.fi\/saa\/wp-json\/wp\/v2\/users\/1"}],"replies":[{"embeddable":true,"href":"https:\/\/rosti.fi\/saa\/wp-json\/wp\/v2\/comments?post=2184"}],"version-history":[{"count":15,"href":"https:\/\/rosti.fi\/saa\/wp-json\/wp\/v2\/pages\/2184\/revisions"}],"predecessor-version":[{"id":3280,"href":"https:\/\/rosti.fi\/saa\/wp-json\/wp\/v2\/pages\/2184\/revisions\/3280"}],"wp:attachment":[{"href":"https:\/\/rosti.fi\/saa\/wp-json\/wp\/v2\/media?parent=2184"}],"curies":[{"name":"wp","href":"https:\/\/api.w.org\/{rel}","templated":true}]}}