{"id":2166,"date":"2020-11-30T01:08:14","date_gmt":"2020-11-29T23:08:14","guid":{"rendered":"https:\/\/rosti.fi\/saa\/?page_id=2166"},"modified":"2025-09-17T15:16:36","modified_gmt":"2025-09-17T12:16:36","slug":"etusivu-uusi","status":"publish","type":"page","link":"https:\/\/rosti.fi\/saa\/","title":{"rendered":"Etusivu"},"content":{"rendered":"<div id=\"pl-2166\"  class=\"panel-layout\" ><div id=\"pg-2166-0\"  class=\"panel-grid panel-has-style\" ><div class=\"siteorigin-panels-stretch panel-row-style panel-row-style-for-2166-0\" data-stretch-type=\"full\" ><div id=\"pgc-2166-0-0\"  class=\"panel-grid-cell\" ><div id=\"panel-2166-0-0-0\" class=\"so-panel widget widget_sow-editor panel-first-child panel-last-child\" data-index=\"0\" ><div\n\t\t\t\n\t\t\tclass=\"so-widget-sow-editor so-widget-sow-editor-base\"\n\t\t\t\n\t\t>\n<div class=\"siteorigin-widget-tinymce textwidget\">\n\t<p style=\"text-align: center;\"><strong>Sunnuntai<br>17.05.2026<br>@02:17<\/strong><br>04:48 <i class=\"wi wi-sunrise\" style=\"font-size: 20px;\"><\/i><br>17 h 22 min<br>22:09 <i class=\"wi wi-sunset\" style=\"font-size: 20px;\"><\/i><\/p>\n<\/div>\n<\/div><\/div><\/div><div id=\"pgc-2166-0-1\"  class=\"panel-grid-cell\" ><div id=\"panel-2166-0-1-0\" class=\"so-panel widget widget_sow-editor panel-first-child panel-last-child\" data-index=\"1\" ><div\n\t\t\t\n\t\t\tclass=\"so-widget-sow-editor so-widget-sow-editor-base\"\n\t\t\t\n\t\t>\n<div class=\"siteorigin-widget-tinymce textwidget\">\n\t<p style=\"text-align: center;\"><strong>L\u00e4mp\u00f6tila<\/strong><br><img decoding=\"async\" src=\"gauges\/lampomittari.php?arvo=7.2\" width=\"100p\" alt=\"L\u00e4mp\u00f6tila: 7.2 &deg;C\"><br>&#8607; 7.5 @00:01<br>&#8609; 7.2 @01:54<\/p>\n<\/div>\n<\/div><\/div><\/div><div id=\"pgc-2166-0-2\"  class=\"panel-grid-cell\" ><div id=\"panel-2166-0-2-0\" class=\"so-panel widget widget_sow-editor panel-first-child panel-last-child\" data-index=\"2\" ><div\n\t\t\t\n\t\t\tclass=\"so-widget-sow-editor so-widget-sow-editor-base\"\n\t\t\t\n\t\t>\n<div class=\"siteorigin-widget-tinymce textwidget\">\n\t<p style=\"text-align: center;\"><strong>Tuntuu kuin<\/strong><br><img decoding=\"async\" src=\"gauges\/lampomittari.php?arvo=4.6\" width=\"100p\" alt=\"Tuntuu kuin: 4.6 &deg;C\"><br>&#8607; 5.3 @00:00<br>&#8609; 4.2 @01:11<\/p>\n<\/div>\n<\/div><\/div><\/div><div id=\"pgc-2166-0-3\"  class=\"panel-grid-cell\" ><div id=\"panel-2166-0-3-0\" class=\"so-panel widget widget_sow-editor panel-first-child panel-last-child\" data-index=\"3\" ><div\n\t\t\t\n\t\t\tclass=\"so-widget-sow-editor so-widget-sow-editor-base\"\n\t\t\t\n\t\t>\n<div class=\"siteorigin-widget-tinymce textwidget\">\n\t<p style=\"text-align: center;\"><strong>Kastepiste<\/strong><br><img decoding=\"async\" src=\"gauges\/lampomittari.php?arvo=5.6\" width=\"100p\" alt=\"Kastepiste: 5.6 &deg;C\"><br>&#8607; 6.0 @00:13<br>&#8609; 5.6 @01:54<\/p>\n<\/div>\n<\/div><\/div><\/div><div id=\"pgc-2166-0-4\"  class=\"panel-grid-cell\" ><div id=\"panel-2166-0-4-0\" class=\"so-panel widget widget_sow-editor panel-first-child panel-last-child\" data-index=\"4\" ><div\n\t\t\t\n\t\t\tclass=\"so-widget-sow-editor so-widget-sow-editor-base\"\n\t\t\t\n\t\t>\n<div class=\"siteorigin-widget-tinymce textwidget\">\n\t<p style=\"text-align: center;\"><strong>Ilmanpaine<\/strong><br><img decoding=\"async\" src=\"gauges\/painemittari.php?arvo=1007.0\" width=\"100p\" alt=\"Ilmanpaine: 1007.0 hPa\"><br>&#8607; 1007.0 @02:17<br>&#8609; 1006.3 @00:00<\/p>\n<\/div>\n<\/div><\/div><\/div><div id=\"pgc-2166-0-5\"  class=\"panel-grid-cell\" ><div id=\"panel-2166-0-5-0\" class=\"so-panel widget widget_sow-editor panel-first-child panel-last-child\" data-index=\"5\" ><div\n\t\t\t\n\t\t\tclass=\"so-widget-sow-editor so-widget-sow-editor-base\"\n\t\t\t\n\t\t>\n<div class=\"siteorigin-widget-tinymce textwidget\">\n\t<p style=\"text-align: center;\"><strong>Kosteus<\/strong><br><img decoding=\"async\" src=\"gauges\/kosteusmittari.php?arvo=92\" width=\"100p\" alt=\"Kosteus: 92 hPa\"><br>&#8607; 93 @00:13<br>&#8609; 92 @02:17<\/p>\n<\/div>\n<\/div><\/div><\/div><\/div><\/div><div id=\"pg-2166-1\"  class=\"panel-grid panel-no-style\" ><div id=\"pgc-2166-1-0\"  class=\"panel-grid-cell\" ><div id=\"panel-2166-1-0-0\" class=\"so-panel widget widget_sow-editor panel-first-child panel-last-child\" data-index=\"6\" ><div\n\t\t\t\n\t\t\tclass=\"so-widget-sow-editor so-widget-sow-editor-base\"\n\t\t\t\n\t\t>\n<div class=\"siteorigin-widget-tinymce textwidget\">\n\t<p>Jos haluat auttaa S\u00e4\u00e4asema Nauvon kehityksess\u00e4, voit tukea <a href=\"https:\/\/rosti.fi\/saa\/ota-yhteytta\/\" target=\"_blank\">MobilePaylla tai Buy Me a Coffeen kautta<\/a>. Jokainen euro auttaa \u2013 kiitos! <\/p>\n<\/div>\n<\/div><\/div><\/div><div id=\"pgc-2166-1-1\"  class=\"panel-grid-cell\" ><div id=\"panel-2166-1-1-0\" class=\"so-panel widget widget_sow-editor panel-first-child panel-last-child\" data-index=\"7\" ><div\n\t\t\t\n\t\t\tclass=\"so-widget-sow-editor so-widget-sow-editor-base\"\n\t\t\t\n\t\t>\n<div class=\"siteorigin-widget-tinymce textwidget\">\n\t<p style=\"text-align: center;\"><strong>Tuuli<\/strong><br><img decoding=\"async\" src=\"gauges\/tuulimittari_puuska.php?arvo=2.1&amp;puuska=4.5&amp;suunta=257\" width=\"100p\" alt=\"Tuuli: 2.1 m\/s\"><br>&#8607; 2.7 @01:11<br>&#8607; (4.9) @00:41<\/p>\n<\/div>\n<\/div><\/div><\/div><div id=\"pgc-2166-1-2\"  class=\"panel-grid-cell\" ><div id=\"panel-2166-1-2-0\" class=\"so-panel widget widget_sow-editor panel-first-child panel-last-child\" data-index=\"8\" ><div\n\t\t\t\n\t\t\tclass=\"so-widget-sow-editor so-widget-sow-editor-base\"\n\t\t\t\n\t\t>\n<div class=\"siteorigin-widget-tinymce textwidget\">\n\t<p style=\"text-align: center;\"><strong>Auringon s\u00e4teily<\/strong><br><img decoding=\"async\" src=\"gauges\/aurinkomittari.php?arvo=0\" width=\"100p\" alt=\"Auringon s\u00e4teily: 0 W\/m&sup2;\"><br>&nbsp;<br>&nbsp;<\/p>\n<\/div>\n<\/div><\/div><\/div><div id=\"pgc-2166-1-3\"  class=\"panel-grid-cell\" ><div id=\"panel-2166-1-3-0\" class=\"so-panel widget widget_sow-editor panel-first-child panel-last-child\" data-index=\"9\" ><div\n\t\t\t\n\t\t\tclass=\"so-widget-sow-editor so-widget-sow-editor-base\"\n\t\t\t\n\t\t>\n<div class=\"siteorigin-widget-tinymce textwidget\">\n\t<p style=\"text-align: center;\"><strong>Aurinkopaneelit<\/strong><br><img decoding=\"async\" src=\"gauges\/aurinkovoimamittari.php?arvo=0\" width=\"100p\" alt=\"Aurinkopaneelit: 0 W\/m&sup2;\"><br>&nbsp;<br>&nbsp;<\/p>\n<\/div>\n<\/div><\/div><\/div><div id=\"pgc-2166-1-4\"  class=\"panel-grid-cell\" ><div id=\"panel-2166-1-4-0\" class=\"so-panel widget widget_sow-editor panel-first-child panel-last-child\" data-index=\"10\" ><div\n\t\t\t\n\t\t\tclass=\"so-widget-sow-editor so-widget-sow-editor-base\"\n\t\t\t\n\t\t>\n<div class=\"siteorigin-widget-tinymce textwidget\">\n\t<p style=\"text-align: center;\"><strong>UV-indeksi<\/strong><br><img decoding=\"async\" src=\"gauges\/uvmittari.php?arvo=0.0\" width=\"100p\" alt=\"UV-indeksi: 0.0\"><br>&nbsp;<br>&nbsp;<\/p>\n<\/div>\n<\/div><\/div><\/div><div id=\"pgc-2166-1-5\"  class=\"panel-grid-cell\" ><div id=\"panel-2166-1-5-0\" class=\"so-panel widget widget_sow-editor panel-first-child panel-last-child\" data-index=\"11\" ><div\n\t\t\t\n\t\t\tclass=\"so-widget-sow-editor so-widget-sow-editor-base\"\n\t\t\t\n\t\t>\n<div class=\"siteorigin-widget-tinymce textwidget\">\n\t<p style=\"text-align: center;\"><strong>Sadekertym\u00e4<\/strong><br><img decoding=\"async\" src=\"gauges\/sademittari.php?arvo=0.0\" width=\"100p\" alt=\"Sadekertym\u00e4: 0.0 mm\"><br>&nbsp;<br>&nbsp<\/p>\n<\/div>\n<\/div><\/div><\/div><\/div><div id=\"pg-2166-2\"  class=\"panel-grid panel-no-style\" ><div id=\"pgc-2166-2-0\"  class=\"panel-grid-cell\" ><div id=\"panel-2166-2-0-0\" class=\"so-panel widget widget_sow-editor panel-first-child panel-last-child\" data-index=\"12\" ><div\n\t\t\t\n\t\t\tclass=\"so-widget-sow-editor so-widget-sow-editor-base\"\n\t\t\t\n\t\t>\n<div class=\"siteorigin-widget-tinymce textwidget\">\n\t<p style=\"text-align: center;\"><h2>Astronomia <i class=\"wi wi-day-sunny\"><\/i><\/h2><strong>Sunnuntai, 17.05.2026:<\/strong><br>Astronomisen h\u00e4m\u00e4r\u00e4n alku - --:--<br>Nauttisen h\u00e4m\u00e4r\u00e4n alku - --:--<br>Porvarillisen h\u00e4m\u00e4r\u00e4n alku - 03:41<br>Auringon nousu - 04:48<br>Aurinko etel\u00e4ss\u00e4 - 13:28<br>Auringon lasku - 22:09<br>Porvarillisen h\u00e4m\u00e4r\u00e4n p\u00e4\u00e4t\u00f6s - 23:16<br>Nauttisen h\u00e4m\u00e4r\u00e4n p\u00e4\u00e4t\u00f6s - --:--<br>Astronomisen h\u00e4m\u00e4r\u00e4n p\u00e4\u00e4t\u00f6s - --:--<br>P\u00e4iv\u00e4n pituus - 17 h 22 min<\/p>\n<\/div>\n<\/div><\/div><\/div><div id=\"pgc-2166-2-1\"  class=\"panel-grid-cell\" ><div id=\"panel-2166-2-1-0\" class=\"so-panel widget widget_sow-editor panel-first-child panel-last-child\" data-index=\"13\" ><div\n\t\t\t\n\t\t\tclass=\"so-widget-sow-editor so-widget-sow-editor-base\"\n\t\t\t\n\t\t>\n<div class=\"siteorigin-widget-tinymce textwidget\">\n\t<p style=\"text-align: center;\"><h2>Toukokuu 2026<\/h2>&#8607; L\u00e4mp\u00f6tila 18.9 &deg;C - 01.05.2026<br>&#8609; L\u00e4mp\u00f6tila 0.5 &deg;C - 07.05.2026<br>&#8607; Auringon s\u00e4teily 944 W\/m&sup2; - 05.05.2026<br>&#8607; UV-indeksi 4 - 11.05.2026<br>&#8607; Tuuli 6.6 m\/s - 02.05.2026<br>&#8607; Puuskat 12.5 m\/s - 02.05.2026<br>&#8607; Ilmanpaine 1028.2 hPa - 09.05.2026<br>&#8609; Ilmanpaine 991.8 hPa - 13.05.2026<br>&#8607; Kosteus 97 % - 14.05.2026<br>&#8609; Kosteus 22.8 % - 07.05.2026<br>Sadekertym\u00e4 26.2 mm<br><br><\/p>\n<\/div>\n<\/div><\/div><\/div><\/div><\/div>","protected":false},"excerpt":{"rendered":"<p>Jos haluat auttaa S\u00e4\u00e4asema Nauvon kehityksess\u00e4, voit tukea MobilePaylla tai Buy Me a Coffeen kautta. Jokainen euro auttaa \u2013 kiitos!<\/p>\n","protected":false},"author":1,"featured_media":0,"parent":0,"menu_order":0,"comment_status":"closed","ping_status":"closed","template":"","meta":{"footnotes":""},"class_list":["post-2166","page","type-page","status-publish","hentry","post"],"_links":{"self":[{"href":"https:\/\/rosti.fi\/saa\/wp-json\/wp\/v2\/pages\/2166","targetHints":{"allow":["GET"]}}],"collection":[{"href":"https:\/\/rosti.fi\/saa\/wp-json\/wp\/v2\/pages"}],"about":[{"href":"https:\/\/rosti.fi\/saa\/wp-json\/wp\/v2\/types\/page"}],"author":[{"embeddable":true,"href":"https:\/\/rosti.fi\/saa\/wp-json\/wp\/v2\/users\/1"}],"replies":[{"embeddable":true,"href":"https:\/\/rosti.fi\/saa\/wp-json\/wp\/v2\/comments?post=2166"}],"version-history":[{"count":13,"href":"https:\/\/rosti.fi\/saa\/wp-json\/wp\/v2\/pages\/2166\/revisions"}],"predecessor-version":[{"id":3281,"href":"https:\/\/rosti.fi\/saa\/wp-json\/wp\/v2\/pages\/2166\/revisions\/3281"}],"wp:attachment":[{"href":"https:\/\/rosti.fi\/saa\/wp-json\/wp\/v2\/media?parent=2166"}],"curies":[{"name":"wp","href":"https:\/\/api.w.org\/{rel}","templated":true}]}}