{"id":1189,"date":"2020-01-25T13:24:18","date_gmt":"2020-01-25T11:24:18","guid":{"rendered":"https:\/\/rosti.fi\/saa\/saakamera\/"},"modified":"2020-12-02T20:47:07","modified_gmt":"2020-12-02T18:47:07","slug":"saakamera","status":"publish","type":"page","link":"https:\/\/rosti.fi\/saa\/saakamera\/?lang=sv","title":{"rendered":"V\u00e4derkamera"},"content":{"rendered":"<div id=\"pl-1189\"  class=\"panel-layout\" ><div id=\"pg-1189-0\"  class=\"panel-grid panel-no-style\" ><div id=\"pgc-1189-0-0\"  class=\"panel-grid-cell\" ><div id=\"panel-1189-0-0-0\" class=\"so-panel widget widget_sow-editor panel-first-child panel-last-child\" data-index=\"0\" ><div\n\t\t\t\n\t\t\tclass=\"so-widget-sow-editor so-widget-sow-editor-base\"\n\t\t\t\n\t\t>\n<div class=\"siteorigin-widget-tinymce textwidget\">\n\t<img src='..\/..\/saa\/wxcam\/image_wxcam.php?t=11.5&h=70&b=1022.4&w=5.3&g=10.3&d=319&s=736'><p>Kamera: <a href=\"https:\/\/www.tapo.com\/en\/product\/smart-camera\/tapo-c325wb\/v2\/\" target=\"_blank\">TP-Link Tapo C325WB<\/a>. Kameran suunta on 277&deg. <a href=\"https:\/\/rosti.fi\/saa\/youTube-videogalleria\/\">Youtube-videogalleria<\/a> s\u00e4\u00e4kameran timelapse-videoista (t\u00e4ll\u00e4 hetkell\u00e4 vanhemman kameran videoita).<\/p>\n<\/div>\n<\/div><\/div><\/div><\/div><\/div>","protected":false},"excerpt":{"rendered":"<p>Kamera: TP-Link Tapo C325WB. Kameran suunta on 277&#038;deg. Youtube-videogalleria s\u00e4\u00e4kameran timelapse-videoista (t\u00e4ll\u00e4 hetkell\u00e4 vanhemman kameran videoita).<\/p>\n","protected":false},"author":1,"featured_media":0,"parent":0,"menu_order":0,"comment_status":"closed","ping_status":"closed","template":"","meta":{"footnotes":""},"class_list":["post-1189","page","type-page","status-publish","hentry","post"],"_links":{"self":[{"href":"https:\/\/rosti.fi\/saa\/wp-json\/wp\/v2\/pages\/1189","targetHints":{"allow":["GET"]}}],"collection":[{"href":"https:\/\/rosti.fi\/saa\/wp-json\/wp\/v2\/pages"}],"about":[{"href":"https:\/\/rosti.fi\/saa\/wp-json\/wp\/v2\/types\/page"}],"author":[{"embeddable":true,"href":"https:\/\/rosti.fi\/saa\/wp-json\/wp\/v2\/users\/1"}],"replies":[{"embeddable":true,"href":"https:\/\/rosti.fi\/saa\/wp-json\/wp\/v2\/comments?post=1189"}],"version-history":[{"count":0,"href":"https:\/\/rosti.fi\/saa\/wp-json\/wp\/v2\/pages\/1189\/revisions"}],"wp:attachment":[{"href":"https:\/\/rosti.fi\/saa\/wp-json\/wp\/v2\/media?parent=1189"}],"curies":[{"name":"wp","href":"https:\/\/api.w.org\/{rel}","templated":true}]}}