{"id":1127,"date":"2019-11-23T21:08:35","date_gmt":"2019-11-23T19:08:35","guid":{"rendered":"https:\/\/rosti.fi\/saa\/kaldo-vedenkorkeus-2\/"},"modified":"2020-12-02T20:48:12","modified_gmt":"2020-12-02T18:48:12","slug":"kaldo-vedenkorkeus-2","status":"publish","type":"page","link":"https:\/\/rosti.fi\/saa\/kaldo-vedenkorkeus-2\/?lang=sv","title":{"rendered":"K\u00e4ld\u00f6 vattenst\u00e5ndsm\u00e4tare"},"content":{"rendered":"<div id=\"pl-1127\"  class=\"panel-layout\" ><div id=\"pg-1127-0\"  class=\"panel-grid panel-no-style\" ><div id=\"pgc-1127-0-0\"  class=\"panel-grid-cell\" ><div id=\"panel-1127-0-0-0\" class=\"so-panel widget widget_sow-editor panel-first-child panel-last-child\" data-index=\"0\" ><div\n\t\t\t\n\t\t\tclass=\"so-widget-sow-editor so-widget-sow-editor-base\"\n\t\t\t\n\t\t>\n<div class=\"siteorigin-widget-tinymce textwidget\">\n\t<br><img src='..\/..\/saa\/kaldo\/image_matare.php'><p>Vedenkorkeuskamera on toteutettu yhteisty\u00f6ss\u00e4 K\u00e4ld\u00f6n lauttahenkil\u00f6kunnan kanssa. Kamera: <a href=\"https:\/\/pro.sony\/en_GB\/products\/video-security\" target=\"_blank\">Sony<\/a> SNC-EM602R.<\/p>\n<\/div>\n<\/div><\/div><\/div><\/div><\/div>","protected":false},"excerpt":{"rendered":"<p>Vedenkorkeuskamera on toteutettu yhteisty\u00f6ss\u00e4 K\u00e4ld\u00f6n lauttahenkil\u00f6kunnan kanssa. Kamera: Sony SNC-EM602R.<\/p>\n","protected":false},"author":1,"featured_media":0,"parent":0,"menu_order":0,"comment_status":"closed","ping_status":"closed","template":"","meta":{"footnotes":""},"class_list":["post-1127","page","type-page","status-publish","hentry","post"],"_links":{"self":[{"href":"https:\/\/rosti.fi\/saa\/wp-json\/wp\/v2\/pages\/1127","targetHints":{"allow":["GET"]}}],"collection":[{"href":"https:\/\/rosti.fi\/saa\/wp-json\/wp\/v2\/pages"}],"about":[{"href":"https:\/\/rosti.fi\/saa\/wp-json\/wp\/v2\/types\/page"}],"author":[{"embeddable":true,"href":"https:\/\/rosti.fi\/saa\/wp-json\/wp\/v2\/users\/1"}],"replies":[{"embeddable":true,"href":"https:\/\/rosti.fi\/saa\/wp-json\/wp\/v2\/comments?post=1127"}],"version-history":[{"count":0,"href":"https:\/\/rosti.fi\/saa\/wp-json\/wp\/v2\/pages\/1127\/revisions"}],"wp:attachment":[{"href":"https:\/\/rosti.fi\/saa\/wp-json\/wp\/v2\/media?parent=1127"}],"curies":[{"name":"wp","href":"https:\/\/api.w.org\/{rel}","templated":true}]}}