{"id":1018,"date":"2019-07-31T16:27:36","date_gmt":"2019-07-31T13:27:36","guid":{"rendered":"https:\/\/rosti.fi\/saa\/ennatykset\/"},"modified":"2020-12-02T20:40:22","modified_gmt":"2020-12-02T18:40:22","slug":"ennatykset","status":"publish","type":"page","link":"https:\/\/rosti.fi\/saa\/ennatykset\/?lang=sv","title":{"rendered":"Rekord"},"content":{"rendered":"<div id=\"pl-1018\"  class=\"panel-layout\" ><div id=\"pg-1018-0\"  class=\"panel-grid panel-no-style\" ><div id=\"pgc-1018-0-0\"  class=\"panel-grid-cell panel-grid-cell-mobile-last\" ><div id=\"panel-1018-0-0-0\" class=\"so-panel widget widget_sow-editor panel-first-child panel-last-child\" data-index=\"0\" ><div\n\t\t\t\n\t\t\tclass=\"so-widget-sow-editor so-widget-sow-editor-base\"\n\t\t\t\n\t\t>\n<div class=\"siteorigin-widget-tinymce textwidget\">\n\t&#8607; L\u00e4mp\u00f6tila 34.4 &deg;C - 28.07.2019 15:30<br>&#8609; L\u00e4mp\u00f6tila -25.0 &deg;C - 19.02.2011 06:00<br>&#8607; Auringon s\u00e4teily 1068 W\/m&sup2; - 03.08.2003 14:30<br>&#8607; Tuuli 27.4 m\/s - 12.09.2019 07:00<br>&#8607; Ilmanpaine 1052.4 hPa - 29.01.2012 19:00<br>&#8609; Ilmanpaine 959.6 hPa - 09.01.2005 02:00<br>&#8609; Kosteus 18.0 % - 01.06.2008 12:00<br>&#8607; Sateen rankkuus 304.8 mm\/h - 19.05.2014 16:00<br><br>Viimeisin havaintop\u00e4iv\u00e4: 01.05.2026\n<\/div>\n<\/div><\/div><\/div><div id=\"pgc-1018-0-1\"  class=\"panel-grid-cell panel-grid-cell-empty\" ><\/div><\/div><\/div>","protected":false},"excerpt":{"rendered":"<p>&#8607; L\u00e4mp\u00f6tila 34.4 &deg;C &#8211; 28.07.2019 15:30&#8609; L\u00e4mp\u00f6tila -25.0 &deg;C &#8211; 19.02.2011 06:00&#8607; Auringon s\u00e4teily 1068 W\/m&sup2; &#8211; 03.08.2003 14:30&#8607; Tuuli 27.4 m\/s &#8211; 12.09.2019 07:00&#8607; Ilmanpaine 1052.4 hPa &#8211; 29.01.2012 19:00&#8609; Ilmanpaine 959.6 hPa &#8211; 09.01.2005 02:00&#8609; Kosteus 18.0 % &#8211; 01.06.2008 12:00&#8607; Sateen rankkuus 304.8 mm\/h &#8211; 19.05.2014 16:00Viimeisin havaintop\u00e4iv\u00e4: 01.05.2026<\/p>\n","protected":false},"author":1,"featured_media":0,"parent":0,"menu_order":0,"comment_status":"closed","ping_status":"closed","template":"","meta":{"footnotes":""},"class_list":["post-1018","page","type-page","status-publish","hentry","post"],"_links":{"self":[{"href":"https:\/\/rosti.fi\/saa\/wp-json\/wp\/v2\/pages\/1018","targetHints":{"allow":["GET"]}}],"collection":[{"href":"https:\/\/rosti.fi\/saa\/wp-json\/wp\/v2\/pages"}],"about":[{"href":"https:\/\/rosti.fi\/saa\/wp-json\/wp\/v2\/types\/page"}],"author":[{"embeddable":true,"href":"https:\/\/rosti.fi\/saa\/wp-json\/wp\/v2\/users\/1"}],"replies":[{"embeddable":true,"href":"https:\/\/rosti.fi\/saa\/wp-json\/wp\/v2\/comments?post=1018"}],"version-history":[{"count":0,"href":"https:\/\/rosti.fi\/saa\/wp-json\/wp\/v2\/pages\/1018\/revisions"}],"wp:attachment":[{"href":"https:\/\/rosti.fi\/saa\/wp-json\/wp\/v2\/media?parent=1018"}],"curies":[{"name":"wp","href":"https:\/\/api.w.org\/{rel}","templated":true}]}}